{"id":94,"date":"2025-01-07T09:56:40","date_gmt":"2025-01-07T09:56:40","guid":{"rendered":"https:\/\/genkonekt.hr\/?page_id=94"},"modified":"2025-10-15T09:17:15","modified_gmt":"2025-10-15T09:17:15","slug":"privacy-policy","status":"publish","type":"page","link":"https:\/\/genkonekt.hr\/?page_id=94","title":{"rendered":"Izjava privatnosti"},"content":{"rendered":"\n\n\n<p style=\"padding-right:var(--wp--preset--spacing--50);padding-left:var(--wp--preset--spacing--50)\"><strong>1. Op\u0107e informacije<\/strong><br>Genkonekt (u daljnjem tekstu \u201eUdruga\u201c) po\u0161tuje Va\u0161u privatnost i obvezuje se \u0161tititi va\u0161e osobne podatke. Ova Izjava o privatnosti obja\u0161njavaju koje podatke prikupljamo, kako ih koristimo i kako ih \u0161titimo.<\/p>\n\n\n\n<p style=\"padding-right:var(--wp--preset--spacing--50);padding-left:var(--wp--preset--spacing--50)\"><strong>2. Prikupljanje osobnih podataka<\/strong><br>Udruga mo\u017ee prikupljati osobne podatke putem:<\/p>\n\n\n\n<ul class=\"wp-block-list\">\n<li>Kontakt obrasca na mre\u017enoj stranici,<\/li>\n\n\n\n<li>Prijava za \u010dlanstvo,<\/li>\n\n\n\n<li>Sudjelovanja u doga\u0111ajima ili projektima Udruge,<\/li>\n\n\n\n<li>Pretplatom na bilten.<\/li>\n<\/ul>\n\n\n\n<p style=\"padding-right:var(--wp--preset--spacing--50);padding-left:var(--wp--preset--spacing--50)\">Podaci koje mo\u017eemo prikupljati uklju\u010duju: ime, prezime, adresu e-po\u0161te, broj telefona, adresu i druge podatke koje navedete.<\/p>\n\n\n\n<p style=\"padding-right:var(--wp--preset--spacing--50);padding-left:var(--wp--preset--spacing--50)\"><strong>3. Svrha obrade podataka<\/strong><br>Prikupljeni podaci koriste se za:<\/p>\n\n\n\n<ul class=\"wp-block-list\">\n<li>Komunikacija s \u010dlanovima i zainteresiranim strankama,<\/li>\n\n\n\n<li>Organiziranje doga\u0111aja, projekata i aktivnosti,<\/li>\n\n\n\n<li>Informiranje putem biltena ili drugih promotivnih materijala,<\/li>\n\n\n\n<li>Ispunjavanje zakonskih obveza Udruge.<\/li>\n<\/ul>\n\n\n\n<p class=\"has-text-align-left\" style=\"padding-right:var(--wp--preset--spacing--50);padding-left:var(--wp--preset--spacing--50)\"><strong>4. Dijeljenje podataka<\/strong><br>Udruga ne\u0107e dijeliti va\u0161e podatke s tre\u0107im stranama osim ako je to potrebno za ispunjavanje zakonskih obveza ili uz va\u0161 izri\u010dit pristanak.<\/p>\n\n\n\n<p style=\"padding-right:var(--wp--preset--spacing--50);padding-left:var(--wp--preset--spacing--50)\"><strong>5. Kori\u0161tenje kola\u010di\u0107a<\/strong><br>Mre\u017ena stranica koristi kola\u010di\u0107e za analizu prometa i pobolj\u0161anje korisni\u010dkog iskustva. Kola\u010di\u0107i su male tekstualne datoteke koje Va\u0161 preglednik pohranjuje na Va\u0161em ra\u010dunalu. Kola\u010di\u0107e mo\u017eete onemogu\u0107iti u postavkama preglednika, ali to mo\u017ee utjecati na funkcionalnost web stranice.<\/p>\n\n\n\n<p style=\"padding-right:var(--wp--preset--spacing--50);padding-left:var(--wp--preset--spacing--50)\"><strong>6. Sigurnost podataka<\/strong><br>Poduzimamo sve razumne tehni\u010dke i organizacijske mjere kako bismo za\u0161titili Va\u0161e podatke od neovla\u0161tenog pristupa, zlouporabe, gubitka ili uni\u0161tenja.<\/p>\n\n\n\n<p style=\"padding-right:var(--wp--preset--spacing--50);padding-left:var(--wp--preset--spacing--50)\"><strong>7. Va\u0161a prava<\/strong><br>U skladu s va\u017ee\u0107im zakonima, imate pravo na:<\/p>\n\n\n\n<ul class=\"wp-block-list\">\n<li>Pristup svojim podacima,<\/li>\n\n\n\n<li>Ispravak neto\u010dnih podataka,<\/li>\n\n\n\n<li>Brisanje svojih podataka (&#8220;pravo na zaborav&#8221;),<\/li>\n\n\n\n<li>Ograni\u010denje obrade podataka,<\/li>\n\n\n\n<li>Prigovor na obradu podataka,<\/li>\n\n\n\n<li>Prenosivost podataka.<\/li>\n<\/ul>\n\n\n\n<p style=\"padding-right:var(--wp--preset--spacing--50);padding-left:var(--wp--preset--spacing--50)\">Za ostvarivanje svojih prava, kontaktirajte nas na genkonekt@gmail.com<\/p>\n\n\n\n<p style=\"padding-right:var(--wp--preset--spacing--50);padding-left:var(--wp--preset--spacing--50)\"><strong>8. Izmjene Izjave o privatnosti<\/strong><br>Ova Izjava privatnosti mo\u017ee se periodi\u010dno a\u017eurirati kako bi se osigurala uskla\u0111enost s va\u017ee\u0107im zakonima i praksama. Preporu\u010dujemo redovito provjeravanje ove stranice za najnovije informacije.<\/p>\n\n\n\n<p style=\"padding-right:var(--wp--preset--spacing--50);padding-left:var(--wp--preset--spacing--50)\"><strong>9. Kontakt podaci<\/strong><br>Za sva pitanja u vezi s obradom podataka, kontaktirajte nas na:<\/p>\n\n\n\n<ul class=\"wp-block-list\">\n<li>Email: <a href=\"mailto:info@genkonekt.hr\">info@genkonekt.hr<\/a><\/li>\n\n\n\n<li>Telefon: <a href=\"tel:+385996897078\">+385996897078<\/a><\/li>\n<\/ul>\n\n\n\n<p><\/p>\n","protected":false},"excerpt":{"rendered":"<p>1. Op\u0107e informacijeGenkonekt (u daljnjem tekstu \u201eUdruga\u201c) po\u0161tuje Va\u0161u privatnost i obvezuje se \u0161tititi va\u0161e osobne podatke. Ova Izjava o privatnosti obja\u0161njavaju koje podatke prikupljamo, kako ih koristimo i kako ih \u0161titimo. 2. Prikupljanje osobnih podatakaUdruga mo\u017ee prikupljati osobne podatke putem: Podaci koje mo\u017eemo prikupljati uklju\u010duju: ime, prezime, adresu e-po\u0161te, broj telefona, adresu i druge [&hellip;]<\/p>\n","protected":false},"author":1,"featured_media":0,"parent":0,"menu_order":0,"comment_status":"closed","ping_status":"closed","template":"","meta":{"saved_in_kubio":true,"footnotes":""},"class_list":["post-94","page","type-page","status-publish","hentry"],"kubio_ai_page_context":{"short_desc":"","purpose":"general"},"yoast_head":"<!-- This site is optimized with the Yoast SEO plugin v23.7 - https:\/\/yoast.com\/wordpress\/plugins\/seo\/ -->\n<title>Izjava privatnosti -<\/title>\n<meta name=\"robots\" content=\"index, follow, max-snippet:-1, max-image-preview:large, max-video-preview:-1\" \/>\n<link rel=\"canonical\" href=\"https:\/\/genkonekt.hr\/?page_id=94\" \/>\n<meta property=\"og:locale\" content=\"en_US\" \/>\n<meta property=\"og:type\" content=\"article\" \/>\n<meta property=\"og:title\" content=\"Izjava privatnosti -\" \/>\n<meta property=\"og:description\" content=\"1. Op\u0107e informacijeGenkonekt (u daljnjem tekstu \u201eUdruga\u201c) po\u0161tuje Va\u0161u privatnost i obvezuje se \u0161tititi va\u0161e osobne podatke. Ova Izjava o privatnosti obja\u0161njavaju koje podatke prikupljamo, kako ih koristimo i kako ih \u0161titimo. 2. Prikupljanje osobnih podatakaUdruga mo\u017ee prikupljati osobne podatke putem: Podaci koje mo\u017eemo prikupljati uklju\u010duju: ime, prezime, adresu e-po\u0161te, broj telefona, adresu i druge [&hellip;]\" \/>\n<meta property=\"og:url\" content=\"https:\/\/genkonekt.hr\/?page_id=94\" \/>\n<meta property=\"article:modified_time\" content=\"2025-10-15T09:17:15+00:00\" \/>\n<meta name=\"twitter:card\" content=\"summary_large_image\" \/>\n<meta name=\"twitter:label1\" content=\"Est. reading time\" \/>\n\t<meta name=\"twitter:data1\" content=\"2 minutes\" \/>\n<script type=\"application\/ld+json\" class=\"yoast-schema-graph\">{\"@context\":\"https:\/\/schema.org\",\"@graph\":[{\"@type\":\"WebPage\",\"@id\":\"https:\/\/genkonekt.hr\/?page_id=94\",\"url\":\"https:\/\/genkonekt.hr\/?page_id=94\",\"name\":\"Izjava privatnosti -\",\"isPartOf\":{\"@id\":\"https:\/\/genkonekt.hr\/#website\"},\"datePublished\":\"2025-01-07T09:56:40+00:00\",\"dateModified\":\"2025-10-15T09:17:15+00:00\",\"breadcrumb\":{\"@id\":\"https:\/\/genkonekt.hr\/?page_id=94#breadcrumb\"},\"inLanguage\":\"en-US\",\"potentialAction\":[{\"@type\":\"ReadAction\",\"target\":[\"https:\/\/genkonekt.hr\/?page_id=94\"]}]},{\"@type\":\"BreadcrumbList\",\"@id\":\"https:\/\/genkonekt.hr\/?page_id=94#breadcrumb\",\"itemListElement\":[{\"@type\":\"ListItem\",\"position\":1,\"name\":\"Home\",\"item\":\"https:\/\/genkonekt.hr\/\"},{\"@type\":\"ListItem\",\"position\":2,\"name\":\"Izjava privatnosti\"}]},{\"@type\":\"WebSite\",\"@id\":\"https:\/\/genkonekt.hr\/#website\",\"url\":\"https:\/\/genkonekt.hr\/\",\"name\":\"\",\"description\":\"\",\"potentialAction\":[{\"@type\":\"SearchAction\",\"target\":{\"@type\":\"EntryPoint\",\"urlTemplate\":\"https:\/\/genkonekt.hr\/?s={search_term_string}\"},\"query-input\":{\"@type\":\"PropertyValueSpecification\",\"valueRequired\":true,\"valueName\":\"search_term_string\"}}],\"inLanguage\":\"en-US\"}]}<\/script>\n<!-- \/ Yoast SEO plugin. -->","yoast_head_json":{"title":"Izjava privatnosti -","robots":{"index":"index","follow":"follow","max-snippet":"max-snippet:-1","max-image-preview":"max-image-preview:large","max-video-preview":"max-video-preview:-1"},"canonical":"https:\/\/genkonekt.hr\/?page_id=94","og_locale":"en_US","og_type":"article","og_title":"Izjava privatnosti -","og_description":"1. Op\u0107e informacijeGenkonekt (u daljnjem tekstu \u201eUdruga\u201c) po\u0161tuje Va\u0161u privatnost i obvezuje se \u0161tititi va\u0161e osobne podatke. Ova Izjava o privatnosti obja\u0161njavaju koje podatke prikupljamo, kako ih koristimo i kako ih \u0161titimo. 2. Prikupljanje osobnih podatakaUdruga mo\u017ee prikupljati osobne podatke putem: Podaci koje mo\u017eemo prikupljati uklju\u010duju: ime, prezime, adresu e-po\u0161te, broj telefona, adresu i druge [&hellip;]","og_url":"https:\/\/genkonekt.hr\/?page_id=94","article_modified_time":"2025-10-15T09:17:15+00:00","twitter_card":"summary_large_image","twitter_misc":{"Est. reading time":"2 minutes"},"schema":{"@context":"https:\/\/schema.org","@graph":[{"@type":"WebPage","@id":"https:\/\/genkonekt.hr\/?page_id=94","url":"https:\/\/genkonekt.hr\/?page_id=94","name":"Izjava privatnosti -","isPartOf":{"@id":"https:\/\/genkonekt.hr\/#website"},"datePublished":"2025-01-07T09:56:40+00:00","dateModified":"2025-10-15T09:17:15+00:00","breadcrumb":{"@id":"https:\/\/genkonekt.hr\/?page_id=94#breadcrumb"},"inLanguage":"en-US","potentialAction":[{"@type":"ReadAction","target":["https:\/\/genkonekt.hr\/?page_id=94"]}]},{"@type":"BreadcrumbList","@id":"https:\/\/genkonekt.hr\/?page_id=94#breadcrumb","itemListElement":[{"@type":"ListItem","position":1,"name":"Home","item":"https:\/\/genkonekt.hr\/"},{"@type":"ListItem","position":2,"name":"Izjava privatnosti"}]},{"@type":"WebSite","@id":"https:\/\/genkonekt.hr\/#website","url":"https:\/\/genkonekt.hr\/","name":"","description":"","potentialAction":[{"@type":"SearchAction","target":{"@type":"EntryPoint","urlTemplate":"https:\/\/genkonekt.hr\/?s={search_term_string}"},"query-input":{"@type":"PropertyValueSpecification","valueRequired":true,"valueName":"search_term_string"}}],"inLanguage":"en-US"}]}},"_links":{"self":[{"href":"https:\/\/genkonekt.hr\/index.php?rest_route=\/wp\/v2\/pages\/94"}],"collection":[{"href":"https:\/\/genkonekt.hr\/index.php?rest_route=\/wp\/v2\/pages"}],"about":[{"href":"https:\/\/genkonekt.hr\/index.php?rest_route=\/wp\/v2\/types\/page"}],"author":[{"embeddable":true,"href":"https:\/\/genkonekt.hr\/index.php?rest_route=\/wp\/v2\/users\/1"}],"replies":[{"embeddable":true,"href":"https:\/\/genkonekt.hr\/index.php?rest_route=%2Fwp%2Fv2%2Fcomments&post=94"}],"version-history":[{"count":9,"href":"https:\/\/genkonekt.hr\/index.php?rest_route=\/wp\/v2\/pages\/94\/revisions"}],"predecessor-version":[{"id":418,"href":"https:\/\/genkonekt.hr\/index.php?rest_route=\/wp\/v2\/pages\/94\/revisions\/418"}],"wp:attachment":[{"href":"https:\/\/genkonekt.hr\/index.php?rest_route=%2Fwp%2Fv2%2Fmedia&parent=94"}],"curies":[{"name":"wp","href":"https:\/\/api.w.org\/{rel}","templated":true}]}}